{"id":18,"date":"2014-01-29T07:18:22","date_gmt":"2014-01-29T05:18:22","guid":{"rendered":"http:\/\/testi80.avaruus.net\/?page_id=18"},"modified":"2021-04-09T17:47:47","modified_gmt":"2021-04-09T14:47:47","slug":"esittely","status":"publish","type":"page","link":"https:\/\/www.pviestikilta.fi\/?page_id=18","title":{"rendered":"Esittely"},"content":{"rendered":"<p>Pirkanmaan Viestikilta ry on viestialan sotilaskoulutuksen saaneiden ja siit\u00e4 kiinnostuneiden kilta. Sen perustivat aikoinaan 1966 viestialan sotaveteraanit, ja se toimii edelleen aktiivisesti Pirkanmaan alueella. Toimintaan kuuluvat ajankohtaiset mielenkiintoiset esitelm\u00e4tilaisuudet viestiaselajiin liittyvist\u00e4 aiheista, viestialan perinteiden, tietojen ja taitojen yll\u00e4pito, perinneradiotapahtumat sek\u00e4 radioamat\u00f6\u00f6ritoiminta yhdess\u00e4 OI3V Lylyn Viestivarikon radiokerhon kanssa.<\/p>\n<p>Killalla on erinomaiset suhteet Puolustusvoimiin. T\u00e4m\u00e4n takia j\u00e4senill\u00e4mme on mahdollisuus p\u00e4\u00e4st\u00e4 paikkoihin ja tilaisuuksiin, joihin tavallisen kansalaisen olisi muutoin vaikeaa &#8211; jopa mahdotonta &#8211; p\u00e4\u00e4st\u00e4.<\/p>\n<p>Kilta on Maanpuolustuskiltojen liiton (MPKL) ja Viestikiltojen liiton (VKL) j\u00e4sen.<\/p>\n<p>Killan asiantuntijat toimivat kouluttajina erilaisilla viestikoulutukseen liittyvill\u00e4 kursseilla. Kurssit kattavat kaiken perusviestitoiminnasta aina monimutkaisempiin viestij\u00e4rjestelmiin saakka. Kurssien teemoja ovat muun muassa paikallispuolustus, elektroninen sodank\u00e4ynti ja arjen viestiv\u00e4lineet. Asiantuntijoidemme tarjoamasta koulutuksesta ja tilaisuuksista l\u00f6ytyy varmasti jokaiselle jotakin.<\/p>\n<p>Killan j\u00e4seneksi voi liitty\u00e4 kuka tahansa asiasta kiinnostunut. Ennakkotieto- tai muita vaatimuksia ei siis ole. J\u00e4senet voivat valita killan tapahtumista ja toiminnasta itselleen kiinnostavimmat ja parhaiten sopivat.<\/p>\n<p>Annamme mielell\u00e4mme lis\u00e4tietoja toiminnastamme. Voit ottaa yhteytt\u00e4 esimerkiksi l\u00e4hett\u00e4m\u00e4ll\u00e4 s\u00e4hk\u00f6postia osoitteeseen hallitus (at) pviestikilta.fi<\/p>\n<p>Killan <a href=\"http:\/\/www.pviestikilta.fi\/?page_id=20\">historiaa lyhyesti<\/a> ja <a href=\"http:\/\/www.pviestikilta.fi\/wp-content\/uploads\/pvk30v.pdf\">yksityiskohtaisemmin<\/a>.<\/p>\n<p>Killan\u00a0<a href=\"http:\/\/www.pviestikilta.fi\/wp-content\/uploads\/PVK-saannot-1999.pdf\">s\u00e4\u00e4nn\u00f6t<\/a>.<\/p>\n<p>Voit tutustua my\u00f6s menneiden vuosien toimintaan: <a href=\"\/ajankoht2007.html\">2007<\/a>, <a href=\"\/ajankoht2008.html\">2008<\/a>, <a href=\"\/ajankoht2009.html\">2009<\/a>, <a href=\"\/ajankoht2010.html\">2010<\/a>, <a href=\"\/indexcdb5.html\">2011<\/a>,\u00a0<a href=\"\/indexf5a1.html\">2012<\/a>\u00a0ja <a href=\"\/index60b9.html\">2013<\/a>. Vuodesta 2014 alkaen vanhat tapahtumat l\u00f6ytyv\u00e4t <strong><a href=\"http:\/\/www.pviestikilta.fi\/?page_id=326\">t\u00e4\u00e4lt\u00e4<\/a><\/strong>.<\/p>\n","protected":false},"excerpt":{"rendered":"<p>Pirkanmaan Viestikilta ry on viestialan sotilaskoulutuksen saaneiden ja siit\u00e4 kiinnostuneiden kilta. Sen perustivat aikoinaan 1966 viestialan sotaveteraanit, ja se toimii edelleen aktiivisesti Pirkanmaan alueella. Toimintaan kuuluvat ajankohtaiset mielenkiintoiset esitelm\u00e4tilaisuudet viestiaselajiin liittyvist\u00e4 aiheista, viestialan perinteiden, tietojen ja taitojen yll\u00e4pito, perinneradiotapahtumat sek\u00e4 radioamat\u00f6\u00f6ritoiminta yhdess\u00e4 OI3V Lylyn Viestivarikon radiokerhon kanssa. Killalla on erinomaiset suhteet Puolustusvoimiin. T\u00e4m\u00e4n takia j\u00e4senill\u00e4mme &hellip; <\/p>\n<p><a class=\"more-link block-button\" href=\"https:\/\/www.pviestikilta.fi\/?page_id=18\">Jatka lukemista &raquo;<\/a><\/p>\n","protected":false},"author":1,"featured_media":0,"parent":0,"menu_order":0,"comment_status":"closed","ping_status":"closed","template":"","meta":{"footnotes":""},"class_list":["post-18","page","type-page","status-publish","hentry","nodate"],"_links":{"self":[{"href":"https:\/\/www.pviestikilta.fi\/index.php?rest_route=\/wp\/v2\/pages\/18","targetHints":{"allow":["GET"]}}],"collection":[{"href":"https:\/\/www.pviestikilta.fi\/index.php?rest_route=\/wp\/v2\/pages"}],"about":[{"href":"https:\/\/www.pviestikilta.fi\/index.php?rest_route=\/wp\/v2\/types\/page"}],"author":[{"embeddable":true,"href":"https:\/\/www.pviestikilta.fi\/index.php?rest_route=\/wp\/v2\/users\/1"}],"replies":[{"embeddable":true,"href":"https:\/\/www.pviestikilta.fi\/index.php?rest_route=%2Fwp%2Fv2%2Fcomments&post=18"}],"version-history":[{"count":9,"href":"https:\/\/www.pviestikilta.fi\/index.php?rest_route=\/wp\/v2\/pages\/18\/revisions"}],"predecessor-version":[{"id":526,"href":"https:\/\/www.pviestikilta.fi\/index.php?rest_route=\/wp\/v2\/pages\/18\/revisions\/526"}],"wp:attachment":[{"href":"https:\/\/www.pviestikilta.fi\/index.php?rest_route=%2Fwp%2Fv2%2Fmedia&parent=18"}],"curies":[{"name":"wp","href":"https:\/\/api.w.org\/{rel}","templated":true}]}}