{"id":20,"date":"2014-01-29T07:19:15","date_gmt":"2014-01-29T05:19:15","guid":{"rendered":"http:\/\/testi80.avaruus.net\/?page_id=20"},"modified":"2023-02-12T20:45:46","modified_gmt":"2023-02-12T18:45:46","slug":"killan-historiaa","status":"publish","type":"page","link":"https:\/\/www.pviestikilta.fi\/?page_id=20","title":{"rendered":"Killan historiaa"},"content":{"rendered":"<p><strong>Pirkanmaan Viestikillan syntyhistoriaa<\/strong><\/p>\n<p>Viestikilta ry perustettiin 1963 Riihim\u00e4ell\u00e4.<\/p>\n<p>Jo vuodesta 1964 suoritettujen alkutunnustelujen j\u00e4lkeen perustettiin 5.2.1966 sodanajan Viestipataljoona 24:n aseveli-illassa Viestikillan Tampereen seudun paikallisosasto. J\u00e4senkelpoisia olivat kaikki viestiaselajissa palvelleet sotilasarvoon katsomatta. Osastoon liittyikin heti perustamistilaisuudessa l\u00e4hes sata j\u00e4sent\u00e4.<\/p>\n<p>Paikallisosaston ensimm\u00e4iseksi puheenjohtajaksi valittiin Seppo Savontaus ja varapuheenjohtajaksi Ragnar Sj\u00f6holm. Muiksi johtokunnan j\u00e4seniksi valittiin Oiva Kontumieni, Jukka Raunio, Seppo Relander, Olavi Saarnijoki sek\u00e4 Jukka Sulin.<\/p>\n<p>Toiminta l\u00e4hti ripe\u00e4sti k\u00e4yntiin ja ensimm\u00e4isen\u00e4 toimintavuonna j\u00e4rjestettiin jo mm. viestimieskilpailu yhteisty\u00f6ss\u00e4 paikallisten reservil\u00e4isj\u00e4rjest\u00f6jen viestiosastojen kanssa.<\/p>\n<p>Vuoden 1968 aikana k\u00e4vi selv\u00e4ksi, ettei Viestikilta taloudellisten vaikeuksiensa vuoksi pystyisi hoitamaan j\u00e4senmaksuvelvoitteitaan paikallisosastoille. Koska tilanne alkoi olla h\u00e4lytt\u00e4v\u00e4, ryhdyttiin pohtimaan keinoja toiminnan elvytt\u00e4miseksi ja kehitt\u00e4miseksi. Paikallisosastollamme ei ollut lainkaan varoja ja j\u00e4senm\u00e4\u00e4r\u00e4 oli laskusuunnassa. Koska apua p\u00e4\u00e4killan taholta ei ollut odotettavissa, otettiin esille mahdollisuus erota p\u00e4\u00e4killasta ja perustaa itsen\u00e4inen alueellinen viestikilta. Itsen\u00e4isen\u00e4 yhdistyksen\u00e4 olisi mahdollisuus itse ker\u00e4t\u00e4 j\u00e4senkuntansa j\u00e4senmaksut ja suorittaa my\u00f6s muunlaista varainhankintaa.<\/p>\n<p>Vuoden 1972 paikallisosaston vuosikokouksessa hyv\u00e4ksyttiin yksimielisesti ehdotus Pirkanmaan Viestikillan perustamisesta. Suhteet Viestikiltaan pyritt\u00e4isiin pit\u00e4m\u00e4\u00e4n mahdollisimman hyvin\u00e4 ja osallistumaan my\u00f6s sen j\u00e4rjest\u00e4miin tilaisuuksiin. Oikeusministeri\u00f6 hyv\u00e4ksyi killan yhdistysrekisteriin 30.10.1972 nykyisell\u00e4 nimell\u00e4\u00e4n (Pirkanmaan Viestikilta ry), sek\u00e4 Maanpuolustuskiltojen liitto (MPKL) j\u00e4senekseen samana vuonna. Todettakoon, ett\u00e4 killan s\u00e4\u00e4nn\u00f6t mahdollistivat my\u00f6s naisten hyv\u00e4ksymisen j\u00e4seneksi tasavertaisesti miesten kanssa.<\/p>\n<p>Pirkanmaan Viestikillan perustaneiden Viestipataljoona 24:n veteraanien sotataipaleeseen voit tutustua t\u00e4st\u00e4 aukeavassa <strong><a href=\"https:\/\/www.sotapolku.fi\/sotapolut\/viestipataljoona-24\/\">Viestipataljoona 24 Sotapolku.fi palvelussa.<\/a><\/strong><\/p>\n<p>Viestipataljoona 24:n veteraanien kokoamia tarinoita ja muisteloita on heid\u00e4n julkaisemissaan lehtisiss\u00e4, jotka l\u00f6yd\u00e4t skannattuina alta:<br \/>\n<a href=\"http:\/\/www.pviestikilta.fi\/wp-content\/uploads\/vp-jutut-1.pdf\">VP24 jutut, osa 1 (38 Mb)<\/a><br \/>\n<a href=\"http:\/\/www.pviestikilta.fi\/wp-content\/uploads\/vp-jutut-2.pdf\">VP24 jutut, osa 2 (37 Mb)<\/a><br \/>\n<a href=\"http:\/\/www.pviestikilta.fi\/wp-content\/uploads\/vp-jutut-3.pdf\">VP24 jutut, osa 3 (50 Mb)<\/a><br \/>\n<a href=\"http:\/\/www.pviestikilta.fi\/wp-content\/uploads\/vp-jutut-4.pdf\">VP24 jutut, osa 4 (44 Mb)<\/a><br \/>\n<a href=\"http:\/\/www.pviestikilta.fi\/wp-content\/uploads\/vp-jutut-5.pdf\">VP24 jutut, osa 5 (42 Mb)<\/a><br \/>\n<a href=\"http:\/\/www.pviestikilta.fi\/wp-content\/uploads\/vp-jutut-6.pdf\">VP24 jutut, osa 6 (32 Mb)<\/a><\/p>\n","protected":false},"excerpt":{"rendered":"<p>Pirkanmaan Viestikillan syntyhistoriaa Viestikilta ry perustettiin 1963 Riihim\u00e4ell\u00e4. Jo vuodesta 1964 suoritettujen alkutunnustelujen j\u00e4lkeen perustettiin 5.2.1966 sodanajan Viestipataljoona 24:n aseveli-illassa Viestikillan Tampereen seudun paikallisosasto. J\u00e4senkelpoisia olivat kaikki viestiaselajissa palvelleet sotilasarvoon katsomatta. Osastoon liittyikin heti perustamistilaisuudessa l\u00e4hes sata j\u00e4sent\u00e4. Paikallisosaston ensimm\u00e4iseksi puheenjohtajaksi valittiin Seppo Savontaus ja varapuheenjohtajaksi Ragnar Sj\u00f6holm. Muiksi johtokunnan j\u00e4seniksi valittiin Oiva Kontumieni, Jukka &hellip; <\/p>\n<p><a class=\"more-link block-button\" href=\"https:\/\/www.pviestikilta.fi\/?page_id=20\">Jatka lukemista &raquo;<\/a><\/p>\n","protected":false},"author":1,"featured_media":0,"parent":0,"menu_order":0,"comment_status":"closed","ping_status":"closed","template":"","meta":{"footnotes":""},"class_list":["post-20","page","type-page","status-publish","hentry","nodate"],"_links":{"self":[{"href":"https:\/\/www.pviestikilta.fi\/index.php?rest_route=\/wp\/v2\/pages\/20","targetHints":{"allow":["GET"]}}],"collection":[{"href":"https:\/\/www.pviestikilta.fi\/index.php?rest_route=\/wp\/v2\/pages"}],"about":[{"href":"https:\/\/www.pviestikilta.fi\/index.php?rest_route=\/wp\/v2\/types\/page"}],"author":[{"embeddable":true,"href":"https:\/\/www.pviestikilta.fi\/index.php?rest_route=\/wp\/v2\/users\/1"}],"replies":[{"embeddable":true,"href":"https:\/\/www.pviestikilta.fi\/index.php?rest_route=%2Fwp%2Fv2%2Fcomments&post=20"}],"version-history":[{"count":5,"href":"https:\/\/www.pviestikilta.fi\/index.php?rest_route=\/wp\/v2\/pages\/20\/revisions"}],"predecessor-version":[{"id":644,"href":"https:\/\/www.pviestikilta.fi\/index.php?rest_route=\/wp\/v2\/pages\/20\/revisions\/644"}],"wp:attachment":[{"href":"https:\/\/www.pviestikilta.fi\/index.php?rest_route=%2Fwp%2Fv2%2Fmedia&parent=20"}],"curies":[{"name":"wp","href":"https:\/\/api.w.org\/{rel}","templated":true}]}}