{"id":22,"date":"2014-01-29T07:22:01","date_gmt":"2014-01-29T05:22:01","guid":{"rendered":"http:\/\/testi80.avaruus.net\/?page_id=22"},"modified":"2017-01-21T22:18:50","modified_gmt":"2017-01-21T20:18:50","slug":"tiedotus","status":"publish","type":"page","link":"https:\/\/www.pviestikilta.fi\/?page_id=22","title":{"rendered":"Tiedotus"},"content":{"rendered":"<p>Pirkanmaan Viestikilta tiedottaa toiminnastaan n\u00e4ill\u00e4 sivuilla, s\u00e4hk\u00f6postilistallaan sek\u00e4 j\u00e4senkirjeill\u00e4. Lis\u00e4ksi hy\u00f6dynn\u00e4mme maanpuolustusaiheisia lehti\u00e4 kuten esimerkiksi Pirkan Viesti\u00e4.<\/p>\n<p>Tiedotamme toiminnastamme j\u00e4senille s\u00e4hk\u00f6postitse. Tiedotteet l\u00e4hetet\u00e4\u00e4n kaikille j\u00e4senille, joiden s\u00e4hk\u00f6postiosoite on j\u00e4senrekisteriss\u00e4 ja jotka eiv\u00e4t ole tiedotteiden l\u00e4hett\u00e4mist\u00e4 kielt\u00e4neet.<\/p>\n<p><strong>Mik\u00e4li et ole <strong>saanut\u00a0<\/strong>tiedotteita tai haluat varmistaa, ett\u00e4 s\u00e4hk\u00f6postiosoitteesi on j\u00e4senrekisteriss\u00e4, ole hyv\u00e4 ja ilmoita se sihteerillemme osoitteeseen jussi.alanen\u00a0(at) pviestikilta.fi.<\/strong><\/p>\n<p>S\u00e4hk\u00f6postitiedotteet l\u00e4hetet\u00e4\u00e4n aina piilokopiona, jolloin muut eiv\u00e4t n\u00e4e osoitettasi. Osoitteita ei luovuteta ulkopuolisille ja voit koska tahansa kielt\u00e4\u00e4 tiedotteiden l\u00e4hett\u00e4misen ottamalla yhteytt\u00e4 osoitteeseen jussi.alanen\u00a0(at) pviestikilta.fi.<\/p>\n<p>Muistathan, ett\u00e4 parhaiten saat tietoa yhdistyksen toiminnasta s\u00e4hk\u00f6postiosoitteesi kautta. Jos se muuttuu, ilmoitathan siit\u00e4 meillekkin.<\/p>\n<p>J\u00e4senkirjeen toimitamme pari kertaa vuodessa postitse kaikille niille j\u00e4senillemme, joiden s\u00e4hk\u00f6postiosoite ei ole tiedossamme. Jatkossa uusimmat kirjeet tullaan lis\u00e4\u00e4m\u00e4\u00e4n my\u00f6s t\u00e4lle sivulle. Parhaiten pysyt ajantasalla killan toiminnasta ilmoittamalla s\u00e4hk\u00f6postiosoitteesi killalle.<\/p>\n<p>&nbsp;<\/p>\n","protected":false},"excerpt":{"rendered":"<p>Pirkanmaan Viestikilta tiedottaa toiminnastaan n\u00e4ill\u00e4 sivuilla, s\u00e4hk\u00f6postilistallaan sek\u00e4 j\u00e4senkirjeill\u00e4. Lis\u00e4ksi hy\u00f6dynn\u00e4mme maanpuolustusaiheisia lehti\u00e4 kuten esimerkiksi Pirkan Viesti\u00e4. Tiedotamme toiminnastamme j\u00e4senille s\u00e4hk\u00f6postitse. Tiedotteet l\u00e4hetet\u00e4\u00e4n kaikille j\u00e4senille, joiden s\u00e4hk\u00f6postiosoite on j\u00e4senrekisteriss\u00e4 ja jotka eiv\u00e4t ole tiedotteiden l\u00e4hett\u00e4mist\u00e4 kielt\u00e4neet. Mik\u00e4li et ole saanut\u00a0tiedotteita tai haluat varmistaa, ett\u00e4 s\u00e4hk\u00f6postiosoitteesi on j\u00e4senrekisteriss\u00e4, ole hyv\u00e4 ja ilmoita se sihteerillemme osoitteeseen jussi.alanen\u00a0(at) &hellip; <\/p>\n<p><a class=\"more-link block-button\" href=\"https:\/\/www.pviestikilta.fi\/?page_id=22\">Jatka lukemista &raquo;<\/a><\/p>\n","protected":false},"author":1,"featured_media":0,"parent":0,"menu_order":0,"comment_status":"closed","ping_status":"closed","template":"","meta":{"footnotes":""},"class_list":["post-22","page","type-page","status-publish","hentry","nodate"],"_links":{"self":[{"href":"https:\/\/www.pviestikilta.fi\/index.php?rest_route=\/wp\/v2\/pages\/22","targetHints":{"allow":["GET"]}}],"collection":[{"href":"https:\/\/www.pviestikilta.fi\/index.php?rest_route=\/wp\/v2\/pages"}],"about":[{"href":"https:\/\/www.pviestikilta.fi\/index.php?rest_route=\/wp\/v2\/types\/page"}],"author":[{"embeddable":true,"href":"https:\/\/www.pviestikilta.fi\/index.php?rest_route=\/wp\/v2\/users\/1"}],"replies":[{"embeddable":true,"href":"https:\/\/www.pviestikilta.fi\/index.php?rest_route=%2Fwp%2Fv2%2Fcomments&post=22"}],"version-history":[{"count":7,"href":"https:\/\/www.pviestikilta.fi\/index.php?rest_route=\/wp\/v2\/pages\/22\/revisions"}],"predecessor-version":[{"id":286,"href":"https:\/\/www.pviestikilta.fi\/index.php?rest_route=\/wp\/v2\/pages\/22\/revisions\/286"}],"wp:attachment":[{"href":"https:\/\/www.pviestikilta.fi\/index.php?rest_route=%2Fwp%2Fv2%2Fmedia&parent=22"}],"curies":[{"name":"wp","href":"https:\/\/api.w.org\/{rel}","templated":true}]}}