{"id":24,"date":"2014-01-29T07:22:19","date_gmt":"2014-01-29T05:22:19","guid":{"rendered":"http:\/\/testi80.avaruus.net\/?page_id=24"},"modified":"2026-02-06T18:33:19","modified_gmt":"2026-02-06T16:33:19","slug":"hallitus","status":"publish","type":"page","link":"https:\/\/www.pviestikilta.fi\/?page_id=24","title":{"rendered":"Hallitus"},"content":{"rendered":"<p>Kaikkien henkil\u00f6iden s\u00e4hk\u00f6postiosoitteet ovat muotoa etunimi.sukunimi \u00e4t pviestikilta.fi<\/p>\n<table border=\"0\" align=\"left\">\n<tbody>\n<tr>\n<td width=\"50%\"><strong>Puheenjohtaja<br \/>\n<\/strong><b>Veikko Kuumola<\/b><br \/>\n040-549 1705<\/td>\n<td valign=\"top\"><b>Varapuheenjohtaja<\/b><br \/>\n<strong>Timo J\u00e4rvi<\/strong><\/td>\n<\/tr>\n<tr>\n<td><strong>Sihteeri ja j\u00e4senvastaava<\/strong><br \/>\n<strong>Jussi Alanen<\/strong><\/td>\n<td><strong>OI3V-yhdyshenkil\u00f6<\/strong><br \/>\n<strong>Kari Salminen<\/strong><\/td>\n<\/tr>\n<tr>\n<td><strong>Rahastonhoitaja<br \/>\nMartti Nelimarkka<\/strong><\/td>\n<td valign=\"top\"><strong>Hallituksen j\u00e4sen<\/strong><br \/>\n<strong>Tomi Viikari<\/strong><\/td>\n<\/tr>\n<tr>\n<td><strong>Nettivastaava<\/strong><br \/>\n<strong> Miikka Hurmalainen<\/strong><\/td>\n<td><strong>Hallituksen j\u00e4sen<\/strong><br \/>\n<strong>Mauri Arponen<\/strong><\/td>\n<\/tr>\n<tr>\n<td><strong>VKL-edustaja, kiltapiiri-edustaja<\/strong><br \/>\n<strong>Tero Ahtee<\/strong><\/td>\n<td><strong>Hallituksen j\u00e4sen<\/strong><br \/>\n<strong>Markku Joenranta<\/strong><\/td>\n<\/tr>\n<tr>\n<td><strong>Hallituksen j\u00e4sen<\/strong><br \/>\n<strong>Jussi Harola<\/strong><\/td>\n<td><strong>Koulutusp\u00e4\u00e4llikk\u00f6 (toimihenkil\u00f6)<\/strong><br \/>\n<strong>Tuomo Muuttoranta<\/strong><\/td>\n<\/tr>\n<\/tbody>\n<\/table>\n<p>&nbsp;<\/p>\n","protected":false},"excerpt":{"rendered":"<p>Kaikkien henkil\u00f6iden s\u00e4hk\u00f6postiosoitteet ovat muotoa etunimi.sukunimi \u00e4t pviestikilta.fi Puheenjohtaja Veikko Kuumola 040-549 1705 Varapuheenjohtaja Timo J\u00e4rvi Sihteeri ja j\u00e4senvastaava Jussi Alanen OI3V-yhdyshenkil\u00f6 Kari Salminen Rahastonhoitaja Martti Nelimarkka Hallituksen j\u00e4sen Tomi Viikari Nettivastaava Miikka Hurmalainen Hallituksen j\u00e4sen Mauri Arponen VKL-edustaja, kiltapiiri-edustaja Tero Ahtee Hallituksen j\u00e4sen Markku Joenranta Hallituksen j\u00e4sen Jussi Harola Koulutusp\u00e4\u00e4llikk\u00f6 (toimihenkil\u00f6) Tuomo Muuttoranta &nbsp;<\/p>\n","protected":false},"author":1,"featured_media":0,"parent":0,"menu_order":0,"comment_status":"closed","ping_status":"closed","template":"","meta":{"footnotes":""},"class_list":["post-24","page","type-page","status-publish","hentry","nodate"],"_links":{"self":[{"href":"https:\/\/www.pviestikilta.fi\/index.php?rest_route=\/wp\/v2\/pages\/24","targetHints":{"allow":["GET"]}}],"collection":[{"href":"https:\/\/www.pviestikilta.fi\/index.php?rest_route=\/wp\/v2\/pages"}],"about":[{"href":"https:\/\/www.pviestikilta.fi\/index.php?rest_route=\/wp\/v2\/types\/page"}],"author":[{"embeddable":true,"href":"https:\/\/www.pviestikilta.fi\/index.php?rest_route=\/wp\/v2\/users\/1"}],"replies":[{"embeddable":true,"href":"https:\/\/www.pviestikilta.fi\/index.php?rest_route=%2Fwp%2Fv2%2Fcomments&post=24"}],"version-history":[{"count":59,"href":"https:\/\/www.pviestikilta.fi\/index.php?rest_route=\/wp\/v2\/pages\/24\/revisions"}],"predecessor-version":[{"id":804,"href":"https:\/\/www.pviestikilta.fi\/index.php?rest_route=\/wp\/v2\/pages\/24\/revisions\/804"}],"wp:attachment":[{"href":"https:\/\/www.pviestikilta.fi\/index.php?rest_route=%2Fwp%2Fv2%2Fmedia&parent=24"}],"curies":[{"name":"wp","href":"https:\/\/api.w.org\/{rel}","templated":true}]}}