{"id":26,"date":"2014-01-29T07:27:29","date_gmt":"2014-01-29T05:27:29","guid":{"rendered":"http:\/\/testi80.avaruus.net\/?page_id=26"},"modified":"2025-05-02T21:58:52","modified_gmt":"2025-05-02T18:58:52","slug":"jaseneksi","status":"publish","type":"page","link":"https:\/\/www.pviestikilta.fi\/?page_id=26","title":{"rendered":"J\u00e4seneksi"},"content":{"rendered":"<p>J\u00e4seneksemme voit liitty\u00e4 t\u00e4ytt\u00e4m\u00e4ll\u00e4 t\u00e4st\u00e4 j\u00e4senhakemuksen: <a href=\"https:\/\/maanpuolustusrekisteri.fi\/verkkolomakkeet\/Jasenhakemus\/LiitonYhdistys?organisaatio=15424683\">https:\/\/maanpuolustusrekisteri.fi\/verkkolomakkeet\/Jasenhakemus\/LiitonYhdistys?organisaatio=15424683<\/a><\/p>\n<p>J\u00e4senhakemus t\u00e4ytet\u00e4\u00e4n kattoj\u00e4rjest\u00f6mme Maanpuolustuskiltojen liitto ry:n j\u00e4senrekisteripalvelussa nimelt\u00e4\u00e4n Maanpuolustusrekisteri. Se vaatii vahvan tunnistautumisen. J\u00e4sentiedot-kohdassa, valitse j\u00e4senyhdistykseksi <em>Pirkanmaan Viestikilta ry (Y) (LEMP\u00c4\u00c4L\u00c4)<\/em>. J\u00e4senlaji on <em>Varsinainen j\u00e4sen<\/em>.<\/p>\n<p>Vuonna 2025 j\u00e4senmaksumme on 25 euroa. J\u00e4senmaksu on kalenterivuosittainen.<\/p>\n<p>Tervetuloa mukaan toimintaan!<\/p>\n","protected":false},"excerpt":{"rendered":"<p>J\u00e4seneksemme voit liitty\u00e4 t\u00e4ytt\u00e4m\u00e4ll\u00e4 t\u00e4st\u00e4 j\u00e4senhakemuksen: https:\/\/maanpuolustusrekisteri.fi\/verkkolomakkeet\/Jasenhakemus\/LiitonYhdistys?organisaatio=15424683 J\u00e4senhakemus t\u00e4ytet\u00e4\u00e4n kattoj\u00e4rjest\u00f6mme Maanpuolustuskiltojen liitto ry:n j\u00e4senrekisteripalvelussa nimelt\u00e4\u00e4n Maanpuolustusrekisteri. Se vaatii vahvan tunnistautumisen. J\u00e4sentiedot-kohdassa, valitse j\u00e4senyhdistykseksi Pirkanmaan Viestikilta ry (Y) (LEMP\u00c4\u00c4L\u00c4). J\u00e4senlaji on Varsinainen j\u00e4sen. Vuonna 2025 j\u00e4senmaksumme on 25 euroa. J\u00e4senmaksu on kalenterivuosittainen. Tervetuloa mukaan toimintaan!<\/p>\n","protected":false},"author":1,"featured_media":0,"parent":0,"menu_order":0,"comment_status":"closed","ping_status":"closed","template":"","meta":{"footnotes":""},"class_list":["post-26","page","type-page","status-publish","hentry","nodate"],"_links":{"self":[{"href":"https:\/\/www.pviestikilta.fi\/index.php?rest_route=\/wp\/v2\/pages\/26","targetHints":{"allow":["GET"]}}],"collection":[{"href":"https:\/\/www.pviestikilta.fi\/index.php?rest_route=\/wp\/v2\/pages"}],"about":[{"href":"https:\/\/www.pviestikilta.fi\/index.php?rest_route=\/wp\/v2\/types\/page"}],"author":[{"embeddable":true,"href":"https:\/\/www.pviestikilta.fi\/index.php?rest_route=\/wp\/v2\/users\/1"}],"replies":[{"embeddable":true,"href":"https:\/\/www.pviestikilta.fi\/index.php?rest_route=%2Fwp%2Fv2%2Fcomments&post=26"}],"version-history":[{"count":31,"href":"https:\/\/www.pviestikilta.fi\/index.php?rest_route=\/wp\/v2\/pages\/26\/revisions"}],"predecessor-version":[{"id":775,"href":"https:\/\/www.pviestikilta.fi\/index.php?rest_route=\/wp\/v2\/pages\/26\/revisions\/775"}],"wp:attachment":[{"href":"https:\/\/www.pviestikilta.fi\/index.php?rest_route=%2Fwp%2Fv2%2Fmedia&parent=26"}],"curies":[{"name":"wp","href":"https:\/\/api.w.org\/{rel}","templated":true}]}}