{"id":28,"date":"2014-01-29T07:28:38","date_gmt":"2014-01-29T05:28:38","guid":{"rendered":"http:\/\/testi80.avaruus.net\/?page_id=28"},"modified":"2016-01-04T15:10:52","modified_gmt":"2016-01-04T13:10:52","slug":"osta-jasentuotteita","status":"publish","type":"page","link":"https:\/\/www.pviestikilta.fi\/?page_id=28","title":{"rendered":"Osta j\u00e4sentuotteita"},"content":{"rendered":"<p><span style=\"line-height: 1.5;\">Pirkanmaan Viestikilta myy seuraavia j\u00e4sentuotteita (kuvat saat suuremmaksi klikkaamalla):<\/span><\/p>\n<p><strong>PVK-lippalakki<\/strong><\/p>\n<p>PVK:n lippis on laadukkaista materiaaleista valmistettu &#8221;tornivihre\u00e4&#8221; p\u00e4\u00e4hine, jota komistaa killan logo. Lippiksen saa omakseen edulliseen 12 euron hintaan.<\/p>\n<p><a href=\"http:\/\/www.pviestikilta.fi\/wp-content\/uploads\/pvkmyy2009011.jpg\"><img loading=\"lazy\" decoding=\"async\" class=\"alignnone size-full wp-image-54\" src=\"http:\/\/www.pviestikilta.fi\/wp-content\/uploads\/pvkmyy2009011_th.jpg\" alt=\"pvkmyy2009011_th\" width=\"116\" height=\"87\" \/><\/a><a href=\"http:\/\/www.pviestikilta.fi\/wp-content\/uploads\/pvkmyy2009003.jpg\"><img loading=\"lazy\" decoding=\"async\" class=\"alignnone size-full wp-image-50\" src=\"http:\/\/www.pviestikilta.fi\/wp-content\/uploads\/pvkmyy2009003_th.jpg\" alt=\"pvkmyy2009003_th\" width=\"116\" height=\"87\" \/><\/a><a href=\"http:\/\/www.pviestikilta.fi\/wp-content\/uploads\/pvkmyy2009008.jpg\"><img loading=\"lazy\" decoding=\"async\" class=\"alignnone size-full wp-image-52\" src=\"http:\/\/www.pviestikilta.fi\/wp-content\/uploads\/pvkmyy2009008_th.jpg\" alt=\"pvkmyy2009008_th\" width=\"116\" height=\"87\" \/><\/a><\/p>\n<p><strong>PVK-pyyhe<\/strong><\/p>\n<p>PVK:n pyyhe on laadukas kylpypyyhe, jota koristaa killan logo. Hintaa pyyhkell\u00e4 ei ole kuin 18 euroa.<\/p>\n<p><a href=\"http:\/\/www.pviestikilta.fi\/wp-content\/uploads\/pvkmyy2009015.jpg\"><img loading=\"lazy\" decoding=\"async\" class=\"alignnone size-full wp-image-56\" src=\"http:\/\/www.pviestikilta.fi\/wp-content\/uploads\/pvkmyy2009015_th.jpg\" alt=\"pvkmyy2009015_th\" width=\"116\" height=\"87\" \/><\/a><\/p>\n<p><strong>Tilaukset<\/strong><\/p>\n<p>Tilauksia j\u00e4sentuotteista ottaa vastaan Tero Ahtee osoitteessa tero.ahtee \u00e4t pviestikilta.fi. Toimitus- ja maksutavan ym. voi sopia Teron kanssa. Terolta saa my\u00f6s lis\u00e4tietoja tuotteista.<\/p>\n<p>&nbsp;<\/p>\n<p><strong>Viestimies 2011 taskukirja ja Tavoitteena tiedonkulku-kirja<\/strong><\/p>\n<p>Viestiupseeriyhdistyksen legendaarista Viestimiehen k\u00e4sikirjaa ja Tavoitteena tiedonkulku-kirjaa voi tilata suoraan <a href=\"http:\/\/www.viestiupseeriyhdistys.fi\/lomakkeet\/lomake_tuotteiden_tilaus.php\">Viestiupseeriyhdistyksen sivuilta<\/a>.<\/p>\n<p>&nbsp;<\/p>\n","protected":false},"excerpt":{"rendered":"<p>Pirkanmaan Viestikilta myy seuraavia j\u00e4sentuotteita (kuvat saat suuremmaksi klikkaamalla): PVK-lippalakki PVK:n lippis on laadukkaista materiaaleista valmistettu &#8221;tornivihre\u00e4&#8221; p\u00e4\u00e4hine, jota komistaa killan logo. Lippiksen saa omakseen edulliseen 12 euron hintaan. PVK-pyyhe PVK:n pyyhe on laadukas kylpypyyhe, jota koristaa killan logo. Hintaa pyyhkell\u00e4 ei ole kuin 18 euroa. Tilaukset Tilauksia j\u00e4sentuotteista ottaa vastaan Tero Ahtee osoitteessa tero.ahtee &hellip; <\/p>\n<p><a class=\"more-link block-button\" href=\"https:\/\/www.pviestikilta.fi\/?page_id=28\">Jatka lukemista &raquo;<\/a><\/p>\n","protected":false},"author":1,"featured_media":0,"parent":0,"menu_order":0,"comment_status":"closed","ping_status":"closed","template":"","meta":{"footnotes":""},"class_list":["post-28","page","type-page","status-publish","hentry","nodate"],"_links":{"self":[{"href":"https:\/\/www.pviestikilta.fi\/index.php?rest_route=\/wp\/v2\/pages\/28","targetHints":{"allow":["GET"]}}],"collection":[{"href":"https:\/\/www.pviestikilta.fi\/index.php?rest_route=\/wp\/v2\/pages"}],"about":[{"href":"https:\/\/www.pviestikilta.fi\/index.php?rest_route=\/wp\/v2\/types\/page"}],"author":[{"embeddable":true,"href":"https:\/\/www.pviestikilta.fi\/index.php?rest_route=\/wp\/v2\/users\/1"}],"replies":[{"embeddable":true,"href":"https:\/\/www.pviestikilta.fi\/index.php?rest_route=%2Fwp%2Fv2%2Fcomments&post=28"}],"version-history":[{"count":12,"href":"https:\/\/www.pviestikilta.fi\/index.php?rest_route=\/wp\/v2\/pages\/28\/revisions"}],"predecessor-version":[{"id":230,"href":"https:\/\/www.pviestikilta.fi\/index.php?rest_route=\/wp\/v2\/pages\/28\/revisions\/230"}],"wp:attachment":[{"href":"https:\/\/www.pviestikilta.fi\/index.php?rest_route=%2Fwp%2Fv2%2Fmedia&parent=28"}],"curies":[{"name":"wp","href":"https:\/\/api.w.org\/{rel}","templated":true}]}}